{"id":933,"date":"2017-07-06T11:32:00","date_gmt":"2017-07-06T14:32:00","guid":{"rendered":"http:\/\/www.agenciainfra.com\/blog\/?page_id=933"},"modified":"2017-07-20T15:38:44","modified_gmt":"2017-07-20T18:38:44","slug":"o-que-e-importante-saber-sobre-as-novas-regras-das-bagagens-no-transporte-aereo","status":"publish","type":"page","link":"https:\/\/agenciainfra.com\/blog\/o-que-e-importante-saber-sobre-as-novas-regras-das-bagagens-no-transporte-aereo\/","title":{"rendered":"Conhe\u00e7a as novas regras das bagagens no transporte a\u00e9reo"},"content":{"rendered":"<p>No m\u00eas de julho, muitas fam\u00edlias aproveitam as f\u00e9rias escolares para passear com os filhos. Neste ano, quem escolher viajar de avi\u00e3o, deve ficar atento \u00e0s novas regras para o despacho de\u00a0bagagens. Mesmo tendo sido alvo de cr\u00edticas e a\u00e7\u00f5es judiciais, as novas regras que alteram a forma de cobran\u00e7a do despacho das\u00a0bagagens\u00a0est\u00e3o em vigor.\u00a0 A a\u00a0Resolu\u00e7\u00e3o n\u00b0400\/2016\u00a0da ANAC (Ag\u00eancia Nacional de Avia\u00e7\u00e3o Civil) tamb\u00e9m estabelece mudan\u00e7as no pagamento em caso de extravio, al\u00e9m de outras decis\u00f5es.\u00a0 Para quem ainda tem d\u00favidas, a\u00a0<strong>Ag\u00eancia iNFRA<\/strong>\u00a0\u00a0preparou um material com as principais informa\u00e7\u00f5es que o passageiro precisa saber sobre as bagagens,\u00a0na hora de viajar.<\/p>\n<p><strong><img fetchpriority=\"high\" decoding=\"async\" src=\"https:\/\/gallery.mailchimp.com\/d460dd1bcf9ba0ae040e1fc0f\/images\/1946e635-b02d-4dbf-9ddf-cf65671af013.png\" width=\"200\" height=\"533\" align=\"right\" data-file-id=\"699311\" data-cke-saved-src=\"https:\/\/gallery.mailchimp.com\/d460dd1bcf9ba0ae040e1fc0f\/images\/1946e635-b02d-4dbf-9ddf-cf65671af013.png\" \/>BAGAGENS\u00a0DESPACHADAS:<\/strong><\/p>\n<p>As companhias a\u00e9reas podem cobrar pelo despacho da\u00a0bagagem. As empresas t\u00eam a liberdade de definir os valores das franquias que ser\u00e3o cobradas. Ao comprar o bilhete, \u00e9 importante verificar o que cada companhia est\u00e1 oferecendo em valores. Tamb\u00e9m \u00e9 preciso aten\u00e7\u00e3o para as dimens\u00f5es e a quantidade de\u00a0bagagens\u00a0permitidas em cada tarifa. Antes da aprova\u00e7\u00e3o da nova resolu\u00e7\u00e3o, em voos dom\u00e9sticos o passageiro tinha o direito de despachar uma mala com at\u00e9 23 kg. Em voos internacionais, eram permitidas at\u00e9 duas malas de 32 kg sem custo adicional.<\/p>\n<p><strong>BAGAGEM\u00a0DE M\u00c3O:<\/strong><\/p>\n<p>\u00c9 permitido entrar no avi\u00e3o com uma\u00a0bagagem\u00a0de at\u00e9 10 kg e um volume de m\u00e3o.\u00a0A mala de m\u00e3o, por quest\u00f5es de seguran\u00e7a, n\u00e3o pode conter objetos cortantes e produtos inflam\u00e1veis ou explos\u00edveis. Nos voos internacionais,\u00a0tamb\u00e9m n\u00e3o s\u00e3o permitidos frascos com l\u00edquidos com mais de 100 ml.\u00a0Antes da nova regra, o passageiro podia \u00a0entrar na aeronave com\u00a0bagagem\u00a0de at\u00e9 5 quilos, al\u00e9m de um volume de m\u00e3o como bolsa ou mochila.<\/p>\n<p><strong>BAGAGENS\u00a0EXTRAVIADAS:<\/strong><\/p>\n<p>O prazo de devolu\u00e7\u00e3o de\u00a0bagagem\u00a0extraviada foi reduzido de 30 para 7 dias, em voos nacionais, e 21 dias para voos internacionais.\u00a0Caso a empresa a\u00e9rea n\u00e3o encontre a\u00a0bagagem\u00a0no prazo de 7 dias,\u00a0dever\u00e1 pagar indeniza\u00e7\u00e3o ao \u00a0passageiro. Ele tamb\u00e9m ter\u00e1 direito a receber um ressarcimento por gastos emergenciais, quando estiver fora de seu domic\u00edlio, referente ao tempo em que estiver sem os seus pertences. Quem define a forma e os limites di\u00e1rios de ressarcimento s\u00e3o as empresas a\u00e9reas. O pagamento dever\u00e1 ser feito no prazo de 7 dias, a contar da apresenta\u00e7\u00e3o dos comprovantes pelo passageiro.<\/p>\n<p><strong>BAGAGEM\u00a0AVARIADA OU VIOLADA:<\/strong><\/p>\n<p>A companhia a\u00e9rea dever\u00e1 ser comunicada, por escrito, em at\u00e9 7 dias, ap\u00f3s a data de desembarque. Nos casos de avaria, a empresa a\u00e9rea dever\u00e1 reparar o dano da\u00a0bagagem\u00a0ou substitu\u00ed-la\u00a0por outra equivalente. Em caso de viola\u00e7\u00e3o, ap\u00f3s comprovado o fato, a empresa ter\u00e1 que pagar indeniza\u00e7\u00e3o correspondente ao passageiro.<\/p>\n<p><strong>POSICIONAMENTOS<\/strong><\/p>\n<p>A principal vantagem da mudan\u00e7a no modelo de cobran\u00e7a do transporte de\u00a0bagagens, segundo o gerente t\u00e9cnico de Rela\u00e7\u00f5es de Consumo da ANAC, Fernando Feitosa,\u00a0\u00a0\u00e9 o direito de escolha do passageiro sobre o servi\u00e7o de transporte. Com o novo modelo, o passageiro paga por aquilo que precisa efetivamente.\u00a0 Feitosa afirmou ainda que o Brasil estava na lista dos cinco pa\u00edses que ainda regulavam de forma impositiva, uma regra que embutia uma franquia previamente estipulada pelo regulador. &#8220;Em outros mercados onde a quest\u00e3o \u00e9 desregulada, isso se refletiu em diferentes servi\u00e7os postos \u00e0 disposi\u00e7\u00e3o dos consumidores com pre\u00e7os extremamente atrativos&#8221;, afirmou Feitosa.<\/p>\n<p>O Minist\u00e9rio P\u00fablico Federal (MPF) chegou a entrar com pedido de anula\u00e7\u00e3o das normas para despacho de bagagem definidas pela Resolu\u00e7\u00e3o n\u00ba 400, da ANAC. Segundo argumentos do \u00f3rg\u00e3o, o artigo 13, que elimina a franquia das bagagens e permite a cobran\u00e7a pelas companhias a\u00e9reas, estaria ferindo os direitos do consumidor e baixaria a qualidade dos servi\u00e7os mais baratos prestados pelas empresas. A ANAC, de acordo com a a\u00e7\u00e3o do MPF, n\u00e3o teria levado em considera\u00e7\u00e3o a quantidade de empresas a\u00e9reas que dominam o mercado no Brasil, ao atribuir \u00e0 concorr\u00eancia o ajuste dos pre\u00e7os das passagens. Como h\u00e1 poucas empresas no mercado, o setor \u00e9 pouco competitivo e\u00a0n\u00e3o h\u00e1\u00a0muitas disputas por tarifas mais baixas. A a\u00e7\u00e3o pedindo a anula\u00e7\u00e3o foi derrubada pela Justi\u00e7a e, hoje, vigoram as novas regras definidas pela ANAC.<\/p>\n","protected":false},"excerpt":{"rendered":"<p>No m\u00eas de julho, muitas fam\u00edlias aproveitam as f\u00e9rias escolares para passear com os filhos. Neste ano, quem escolher viajar de avi\u00e3o, deve ficar atento \u00e0s novas regras para o despacho de\u00a0bagagens. Mesmo tendo sido alvo de cr\u00edticas e a\u00e7\u00f5es judiciais, as novas regras que alteram a forma de cobran\u00e7a do despacho das\u00a0bagagens\u00a0est\u00e3o em vigor.\u00a0 [&hellip;]<\/p>\n","protected":false},"author":1,"featured_media":935,"parent":0,"menu_order":0,"comment_status":"closed","ping_status":"closed","template":"full-width-page.php","meta":{"_monsterinsights_skip_tracking":false,"_monsterinsights_sitenote_active":false,"_monsterinsights_sitenote_note":"","_monsterinsights_sitenote_category":0,"footnotes":""},"class_list":["post-933","page","type-page","status-publish","has-post-thumbnail","hentry"],"yoast_head":"<!-- This site is optimized with the Yoast SEO Premium plugin v25.4 (Yoast SEO v26.0) - https:\/\/yoast.com\/wordpress\/plugins\/seo\/ -->\n<title>Conhe\u00e7a as novas regras das bagagens no transporte a\u00e9reo - Ag\u00eancia iNFRA<\/title>\n<meta name=\"robots\" content=\"index, follow, max-snippet:-1, max-image-preview:large, max-video-preview:-1\" \/>\n<link rel=\"canonical\" href=\"https:\/\/agenciainfra.com\/blog\/o-que-e-importante-saber-sobre-as-novas-regras-das-bagagens-no-transporte-aereo\/\" \/>\n<meta property=\"og:locale\" content=\"pt_BR\" \/>\n<meta property=\"og:type\" content=\"article\" \/>\n<meta property=\"og:title\" content=\"Conhe\u00e7a as novas regras das bagagens no transporte a\u00e9reo\" \/>\n<meta property=\"og:description\" content=\"No m\u00eas de julho, muitas fam\u00edlias aproveitam as f\u00e9rias escolares para passear com os filhos. Neste ano, quem escolher viajar de avi\u00e3o, deve ficar atento \u00e0s novas regras para o despacho de\u00a0bagagens. Mesmo tendo sido alvo de cr\u00edticas e a\u00e7\u00f5es judiciais, as novas regras que alteram a forma de cobran\u00e7a do despacho das\u00a0bagagens\u00a0est\u00e3o em vigor.\u00a0 [&hellip;]\" \/>\n<meta property=\"og:url\" content=\"https:\/\/agenciainfra.com\/blog\/o-que-e-importante-saber-sobre-as-novas-regras-das-bagagens-no-transporte-aereo\/\" \/>\n<meta property=\"og:site_name\" content=\"Ag\u00eancia iNFRA\" \/>\n<meta property=\"article:publisher\" content=\"https:\/\/www.facebook.com\/ageninfra\" \/>\n<meta property=\"article:modified_time\" content=\"2017-07-20T18:38:44+00:00\" \/>\n<meta property=\"og:image\" content=\"https:\/\/agenciainfra.com\/blog\/wp-content\/uploads\/2017\/07\/shop-2148839_1280.jpg\" \/>\n\t<meta property=\"og:image:width\" content=\"1280\" \/>\n\t<meta property=\"og:image:height\" content=\"849\" \/>\n\t<meta property=\"og:image:type\" content=\"image\/jpeg\" \/>\n<meta name=\"twitter:card\" content=\"summary_large_image\" \/>\n<meta name=\"twitter:site\" content=\"@agencia_infra\" \/>\n<meta name=\"twitter:label1\" content=\"Est. tempo de leitura\" \/>\n\t<meta name=\"twitter:data1\" content=\"4 minutos\" \/>\n<script type=\"application\/ld+json\" class=\"yoast-schema-graph\">{\"@context\":\"https:\/\/schema.org\",\"@graph\":[{\"@type\":\"WebPage\",\"@id\":\"https:\/\/agenciainfra.com\/blog\/o-que-e-importante-saber-sobre-as-novas-regras-das-bagagens-no-transporte-aereo\/\",\"url\":\"https:\/\/agenciainfra.com\/blog\/o-que-e-importante-saber-sobre-as-novas-regras-das-bagagens-no-transporte-aereo\/\",\"name\":\"Conhe\u00e7a as novas regras das bagagens no transporte a\u00e9reo - Ag\u00eancia iNFRA\",\"isPartOf\":{\"@id\":\"https:\/\/agenciainfra.com\/blog\/#website\"},\"primaryImageOfPage\":{\"@id\":\"https:\/\/agenciainfra.com\/blog\/o-que-e-importante-saber-sobre-as-novas-regras-das-bagagens-no-transporte-aereo\/#primaryimage\"},\"image\":{\"@id\":\"https:\/\/agenciainfra.com\/blog\/o-que-e-importante-saber-sobre-as-novas-regras-das-bagagens-no-transporte-aereo\/#primaryimage\"},\"thumbnailUrl\":\"https:\/\/agenciainfra.com\/blog\/wp-content\/uploads\/2017\/07\/shop-2148839_1280.jpg\",\"datePublished\":\"2017-07-06T14:32:00+00:00\",\"dateModified\":\"2017-07-20T18:38:44+00:00\",\"breadcrumb\":{\"@id\":\"https:\/\/agenciainfra.com\/blog\/o-que-e-importante-saber-sobre-as-novas-regras-das-bagagens-no-transporte-aereo\/#breadcrumb\"},\"inLanguage\":\"pt-BR\",\"potentialAction\":[{\"@type\":\"ReadAction\",\"target\":[\"https:\/\/agenciainfra.com\/blog\/o-que-e-importante-saber-sobre-as-novas-regras-das-bagagens-no-transporte-aereo\/\"]}]},{\"@type\":\"ImageObject\",\"inLanguage\":\"pt-BR\",\"@id\":\"https:\/\/agenciainfra.com\/blog\/o-que-e-importante-saber-sobre-as-novas-regras-das-bagagens-no-transporte-aereo\/#primaryimage\",\"url\":\"https:\/\/agenciainfra.com\/blog\/wp-content\/uploads\/2017\/07\/shop-2148839_1280.jpg\",\"contentUrl\":\"https:\/\/agenciainfra.com\/blog\/wp-content\/uploads\/2017\/07\/shop-2148839_1280.jpg\",\"width\":1280,\"height\":849},{\"@type\":\"BreadcrumbList\",\"@id\":\"https:\/\/agenciainfra.com\/blog\/o-que-e-importante-saber-sobre-as-novas-regras-das-bagagens-no-transporte-aereo\/#breadcrumb\",\"itemListElement\":[{\"@type\":\"ListItem\",\"position\":1,\"name\":\"In\u00edcio\",\"item\":\"https:\/\/agenciainfra.com\/blog\/\"},{\"@type\":\"ListItem\",\"position\":2,\"name\":\"Conhe\u00e7a as novas regras das bagagens no transporte a\u00e9reo\"}]},{\"@type\":\"WebSite\",\"@id\":\"https:\/\/agenciainfra.com\/blog\/#website\",\"url\":\"https:\/\/agenciainfra.com\/blog\/\",\"name\":\"Ag\u00eancia iNFRA\",\"description\":\"Multiplataforma de informa\u00e7\u00e3o jornal\u00edstica refer\u00eancia na \u00e1rea de infraestrutura no Brasil!\",\"publisher\":{\"@id\":\"https:\/\/agenciainfra.com\/blog\/#organization\"},\"potentialAction\":[{\"@type\":\"SearchAction\",\"target\":{\"@type\":\"EntryPoint\",\"urlTemplate\":\"https:\/\/agenciainfra.com\/blog\/?s={search_term_string}\"},\"query-input\":{\"@type\":\"PropertyValueSpecification\",\"valueRequired\":true,\"valueName\":\"search_term_string\"}}],\"inLanguage\":\"pt-BR\"},{\"@type\":\"Organization\",\"@id\":\"https:\/\/agenciainfra.com\/blog\/#organization\",\"name\":\"Ag\u00eancia iNFRA\",\"url\":\"https:\/\/agenciainfra.com\/blog\/\",\"logo\":{\"@type\":\"ImageObject\",\"inLanguage\":\"pt-BR\",\"@id\":\"https:\/\/agenciainfra.com\/blog\/#\/schema\/logo\/image\/\",\"url\":\"https:\/\/agenciainfra.com\/blog\/wp-content\/uploads\/2023\/09\/iNFRA_5-e1761735885940.png\",\"contentUrl\":\"https:\/\/agenciainfra.com\/blog\/wp-content\/uploads\/2023\/09\/iNFRA_5-e1761735885940.png\",\"width\":1672,\"height\":454,\"caption\":\"Ag\u00eancia iNFRA\"},\"image\":{\"@id\":\"https:\/\/agenciainfra.com\/blog\/#\/schema\/logo\/image\/\"},\"sameAs\":[\"https:\/\/www.facebook.com\/ageninfra\",\"https:\/\/x.com\/agencia_infra\",\"https:\/\/www.linkedin.com\/company\/ag\u00eanciainfra\/\",\"https:\/\/www.instagram.com\/agenciainfra\/\"]}]}<\/script>\n<!-- \/ Yoast SEO Premium plugin. -->","yoast_head_json":{"title":"Conhe\u00e7a as novas regras das bagagens no transporte a\u00e9reo - Ag\u00eancia iNFRA","robots":{"index":"index","follow":"follow","max-snippet":"max-snippet:-1","max-image-preview":"max-image-preview:large","max-video-preview":"max-video-preview:-1"},"canonical":"https:\/\/agenciainfra.com\/blog\/o-que-e-importante-saber-sobre-as-novas-regras-das-bagagens-no-transporte-aereo\/","og_locale":"pt_BR","og_type":"article","og_title":"Conhe\u00e7a as novas regras das bagagens no transporte a\u00e9reo","og_description":"No m\u00eas de julho, muitas fam\u00edlias aproveitam as f\u00e9rias escolares para passear com os filhos. Neste ano, quem escolher viajar de avi\u00e3o, deve ficar atento \u00e0s novas regras para o despacho de\u00a0bagagens. Mesmo tendo sido alvo de cr\u00edticas e a\u00e7\u00f5es judiciais, as novas regras que alteram a forma de cobran\u00e7a do despacho das\u00a0bagagens\u00a0est\u00e3o em vigor.\u00a0 [&hellip;]","og_url":"https:\/\/agenciainfra.com\/blog\/o-que-e-importante-saber-sobre-as-novas-regras-das-bagagens-no-transporte-aereo\/","og_site_name":"Ag\u00eancia iNFRA","article_publisher":"https:\/\/www.facebook.com\/ageninfra","article_modified_time":"2017-07-20T18:38:44+00:00","og_image":[{"width":1280,"height":849,"url":"https:\/\/agenciainfra.com\/blog\/wp-content\/uploads\/2017\/07\/shop-2148839_1280.jpg","type":"image\/jpeg"}],"twitter_card":"summary_large_image","twitter_site":"@agencia_infra","twitter_misc":{"Est. tempo de leitura":"4 minutos"},"schema":{"@context":"https:\/\/schema.org","@graph":[{"@type":"WebPage","@id":"https:\/\/agenciainfra.com\/blog\/o-que-e-importante-saber-sobre-as-novas-regras-das-bagagens-no-transporte-aereo\/","url":"https:\/\/agenciainfra.com\/blog\/o-que-e-importante-saber-sobre-as-novas-regras-das-bagagens-no-transporte-aereo\/","name":"Conhe\u00e7a as novas regras das bagagens no transporte a\u00e9reo - Ag\u00eancia iNFRA","isPartOf":{"@id":"https:\/\/agenciainfra.com\/blog\/#website"},"primaryImageOfPage":{"@id":"https:\/\/agenciainfra.com\/blog\/o-que-e-importante-saber-sobre-as-novas-regras-das-bagagens-no-transporte-aereo\/#primaryimage"},"image":{"@id":"https:\/\/agenciainfra.com\/blog\/o-que-e-importante-saber-sobre-as-novas-regras-das-bagagens-no-transporte-aereo\/#primaryimage"},"thumbnailUrl":"https:\/\/agenciainfra.com\/blog\/wp-content\/uploads\/2017\/07\/shop-2148839_1280.jpg","datePublished":"2017-07-06T14:32:00+00:00","dateModified":"2017-07-20T18:38:44+00:00","breadcrumb":{"@id":"https:\/\/agenciainfra.com\/blog\/o-que-e-importante-saber-sobre-as-novas-regras-das-bagagens-no-transporte-aereo\/#breadcrumb"},"inLanguage":"pt-BR","potentialAction":[{"@type":"ReadAction","target":["https:\/\/agenciainfra.com\/blog\/o-que-e-importante-saber-sobre-as-novas-regras-das-bagagens-no-transporte-aereo\/"]}]},{"@type":"ImageObject","inLanguage":"pt-BR","@id":"https:\/\/agenciainfra.com\/blog\/o-que-e-importante-saber-sobre-as-novas-regras-das-bagagens-no-transporte-aereo\/#primaryimage","url":"https:\/\/agenciainfra.com\/blog\/wp-content\/uploads\/2017\/07\/shop-2148839_1280.jpg","contentUrl":"https:\/\/agenciainfra.com\/blog\/wp-content\/uploads\/2017\/07\/shop-2148839_1280.jpg","width":1280,"height":849},{"@type":"BreadcrumbList","@id":"https:\/\/agenciainfra.com\/blog\/o-que-e-importante-saber-sobre-as-novas-regras-das-bagagens-no-transporte-aereo\/#breadcrumb","itemListElement":[{"@type":"ListItem","position":1,"name":"In\u00edcio","item":"https:\/\/agenciainfra.com\/blog\/"},{"@type":"ListItem","position":2,"name":"Conhe\u00e7a as novas regras das bagagens no transporte a\u00e9reo"}]},{"@type":"WebSite","@id":"https:\/\/agenciainfra.com\/blog\/#website","url":"https:\/\/agenciainfra.com\/blog\/","name":"Ag\u00eancia iNFRA","description":"Multiplataforma de informa\u00e7\u00e3o jornal\u00edstica refer\u00eancia na \u00e1rea de infraestrutura no Brasil!","publisher":{"@id":"https:\/\/agenciainfra.com\/blog\/#organization"},"potentialAction":[{"@type":"SearchAction","target":{"@type":"EntryPoint","urlTemplate":"https:\/\/agenciainfra.com\/blog\/?s={search_term_string}"},"query-input":{"@type":"PropertyValueSpecification","valueRequired":true,"valueName":"search_term_string"}}],"inLanguage":"pt-BR"},{"@type":"Organization","@id":"https:\/\/agenciainfra.com\/blog\/#organization","name":"Ag\u00eancia iNFRA","url":"https:\/\/agenciainfra.com\/blog\/","logo":{"@type":"ImageObject","inLanguage":"pt-BR","@id":"https:\/\/agenciainfra.com\/blog\/#\/schema\/logo\/image\/","url":"https:\/\/agenciainfra.com\/blog\/wp-content\/uploads\/2023\/09\/iNFRA_5-e1761735885940.png","contentUrl":"https:\/\/agenciainfra.com\/blog\/wp-content\/uploads\/2023\/09\/iNFRA_5-e1761735885940.png","width":1672,"height":454,"caption":"Ag\u00eancia iNFRA"},"image":{"@id":"https:\/\/agenciainfra.com\/blog\/#\/schema\/logo\/image\/"},"sameAs":["https:\/\/www.facebook.com\/ageninfra","https:\/\/x.com\/agencia_infra","https:\/\/www.linkedin.com\/company\/ag\u00eanciainfra\/","https:\/\/www.instagram.com\/agenciainfra\/"]}]}},"_links":{"self":[{"href":"https:\/\/agenciainfra.com\/blog\/wp-json\/wp\/v2\/pages\/933","targetHints":{"allow":["GET"]}}],"collection":[{"href":"https:\/\/agenciainfra.com\/blog\/wp-json\/wp\/v2\/pages"}],"about":[{"href":"https:\/\/agenciainfra.com\/blog\/wp-json\/wp\/v2\/types\/page"}],"author":[{"embeddable":true,"href":"https:\/\/agenciainfra.com\/blog\/wp-json\/wp\/v2\/users\/1"}],"replies":[{"embeddable":true,"href":"https:\/\/agenciainfra.com\/blog\/wp-json\/wp\/v2\/comments?post=933"}],"version-history":[{"count":0,"href":"https:\/\/agenciainfra.com\/blog\/wp-json\/wp\/v2\/pages\/933\/revisions"}],"wp:featuredmedia":[{"embeddable":true,"href":"https:\/\/agenciainfra.com\/blog\/wp-json\/wp\/v2\/media\/935"}],"wp:attachment":[{"href":"https:\/\/agenciainfra.com\/blog\/wp-json\/wp\/v2\/media?parent=933"}],"curies":[{"name":"wp","href":"https:\/\/api.w.org\/{rel}","templated":true}]}}