{"id":967,"date":"2017-07-20T14:00:41","date_gmt":"2017-07-20T17:00:41","guid":{"rendered":"http:\/\/www.agenciainfra.com\/blog\/?page_id=967"},"modified":"2017-07-20T15:34:21","modified_gmt":"2017-07-20T18:34:21","slug":"trem-de-carga-atrasa-10-mil-passageiros-por-dia-nos-trens-de-sao-paulo","status":"publish","type":"page","link":"https:\/\/agenciainfra.com\/blog\/trem-de-carga-atrasa-10-mil-passageiros-por-dia-nos-trens-de-sao-paulo\/","title":{"rendered":"Trem de carga atrasa 10 mil passageiros por dia nos trens de SP"},"content":{"rendered":"<h6 style=\"text-align: right;\">Dimmi Amora e M\u00e1rcio Neves, da Ag\u00eancia iNFRA<\/h6>\n<p>Todos os dias, mais de 10 mil passageiros dos trens da\u00a0CPTM\u00a0(Companhia Paulista de Trens Metropolitanos) em S\u00e3o Paulo s\u00e3o prejudicados por atrasos nas composi\u00e7\u00f5es causados pelo compartilhamento da via com os trens de carga.<\/p>\n<p><img fetchpriority=\"high\" decoding=\"async\" class=\"alignright wp-image-972 size-full\" src=\"http:\/\/www.agenciainfra.com\/agenciainfra\/blog\/wp-content\/uploads\/2017\/07\/12_23_34_350_file.jpg\" alt=\"\" width=\"460\" height=\"305\" srcset=\"https:\/\/agenciainfra.com\/blog\/wp-content\/uploads\/2017\/07\/12_23_34_350_file.jpg 460w, https:\/\/agenciainfra.com\/blog\/wp-content\/uploads\/2017\/07\/12_23_34_350_file-300x199.jpg 300w, https:\/\/agenciainfra.com\/blog\/wp-content\/uploads\/2017\/07\/12_23_34_350_file-145x96.jpg 145w\" sizes=\"(max-width: 460px) 100vw, 460px\" \/>Em algumas linhas, o percentual de passageiros prejudicados diariamente pode ultrapassar 10% do viajantes, causando n\u00e3o somente atrasos, mas tamb\u00e9m preju\u00edzos para a companhia, que deixa de oferecer 20 mil lugares por hora devido ao uso das linhas por trens de carga.<\/p>\n<p>Os dados constam no <a href=\"http:\/\/www.dersa.sp.gov.br\/media\/116254\/rima-ferroanel-norte.pdf\" target=\"_blank\" rel=\"noopener noreferrer\" data-cke-saved-href=\"http:\/\/www.dersa.sp.gov.br\/media\/116254\/rima-ferroanel-norte.pdf\">Relat\u00f3rio de Impacto Ambiental do Projeto do Ferroanel Norte<\/a>, uma nova via de 53 quil\u00f4metros planejada para separar os trens de carga da malha ferrovi\u00e1ria da Regi\u00e3o Metropolitana de S\u00e3o Paulo. A constru\u00e7\u00e3o \u00e9 estimada em R$ 4 bilh\u00f5es.<\/p>\n<p>Planejada h\u00e1 mais de uma d\u00e9cada e anunciada como obra em 2013, a linha s\u00f3 deve operar em 2024, de acordo com o plano apresentado pelo governo de S\u00e3o Paulo. O estudo de impacto ambiental est\u00e1 passando por audi\u00eancia p\u00fablica. Haver\u00e1 sess\u00f5es presenciais da audi\u00eancia a partir do pr\u00f3xima ter\u00e7a-feira (25) nas cidades de Aruj\u00e1, Itaquaquecetuba, S\u00e3o Paulo e Guarulhos.<\/p>\n<p><img decoding=\"async\" class=\"aligncenter\" src=\"https:\/\/gallery.mailchimp.com\/d460dd1bcf9ba0ae040e1fc0f\/images\/8e7f33de-5eb7-45b2-982c-30acf4667b57.jpg\" width=\"600\" height=\"285\" data-file-id=\"719215\" data-cke-saved-src=\"https:\/\/gallery.mailchimp.com\/d460dd1bcf9ba0ae040e1fc0f\/images\/8e7f33de-5eb7-45b2-982c-30acf4667b57.jpg\" \/><\/p>\n<p><strong>PROGRAMA\u00c7\u00c3O<\/strong><br \/>\nDe acordo com o levantamento,\u00a0quando o intervalo entre os trens ultrapassa 50% do tempo programado para o hor\u00e1rio, a\u00a0CPTM\u00a0contabiliza os usu\u00e1rios como &#8220;passageiros prejudicados&#8221;.<br \/>\nExemplo: se o intervalo entre os trens na linha 12-Safira \u00e9 de seis minutos, quando o trem demora nove minutos ou mais para chegar na esta\u00e7\u00e3o, os passageiros embarcados passam a ser considerados como prejudicados.<\/p>\n<p>O atraso ocorrer porque as composi\u00e7\u00f5es que circulam atr\u00e1s de cargueiros costumam t\u00eam sua velocidade reduzida para menos de 40 km\/h. De acordo com o trabalho, o atraso nos trens de passageiros ocorre mesmo com os trens de carga impedidos de circular hor\u00e1rios de pico.<\/p>\n<p>O trabalho apontou que, no m\u00eas de mar\u00e7o deste ano,\u00a03,8 milh\u00f5es de usu\u00e1rios foram prejudicados pelos atrasos superiores a 50% do tempo previsto, quase 11 mil por dia.<\/p>\n<p>Se causa preju\u00edzo aos passageiros, o compartilhamento das linhas tamb\u00e9m \u00e9 prejudicial para os clientes que t\u00eam suas cargas transportadas por via f\u00e9rrea. Para passar nas linhas onde h\u00e1 compartilhamento, as composi\u00e7\u00f5es precisam ser divididas para que tenham um peso menor.<\/p>\n<p>\u00c9 uma forma de tornar a opera\u00e7\u00e3o mais segura. No caso de um choque, por exemplo, um trem de carga menor causaria menos dano ao de passageiro.\u00a0A opera\u00e7\u00e3o de separar vag\u00f5es de um um trem \u00e9 complexa e causa atrasos no transporte, menos cargas transportada e, no fim, custo maior ao transportador.<\/p>\n<p>Quando estiver em funcionamento, a previs\u00e3o do governo \u00e9 que pelo ferroanel passem mais de 60 milh\u00f5es de toneladas de carga ao ano, retirando das estradas paulistas pelo menos 7 mil caminh\u00f5es por dia.<\/p>\n<p><strong>PLANEJAMENTO<\/strong><br \/>\nEm nota , a Secretaria de Transportes Metropolitanos de S\u00e3o Paulo informou que &#8220;a circula\u00e7\u00e3o dos trens de carga nas linhas da\u00a0CPTM\u00a0\u00e9 regida por conv\u00eanio e regulamentada por procedimentos de opera\u00e7\u00e3o, elaborados conjuntamente entre as partes&#8221;.<\/p>\n<p>De acordo com a nota, as linhas mais prejudicadas pelo compartilhamento de carga s\u00e3o as 7-Rubi e 10-Turquesa, mas tamb\u00e9m h\u00e1 compartilhamento nas linhas 11-Coral e 12-Safira. Segundo a secretaria, o percentual de passageiros prejudicados \u00e9 de 10% em m\u00e9dia, &#8220;podendo variar de acordo com o n\u00famero de viagens de carga no m\u00eas&#8221;.<\/p>\n<p><span style=\"font-family: Calibri, sans-serif;\">O estudo mostra ainda que a Companhia poderia aumentar em 20 mil lugares hora\/sentido as receitas nas quatro linhas, o que poderia aumentar seu faturamento. A secretaria informou que n\u00e3o tem como calcular monetariamente quanto isso gera de preju\u00edzo para a estatal.<\/span><\/p>\n<p><img decoding=\"async\" class=\"aligncenter\" src=\"https:\/\/gallery.mailchimp.com\/d460dd1bcf9ba0ae040e1fc0f\/images\/059b7e31-9e82-4a3f-bd47-c4d70ef4907f.jpg\" width=\"600\" height=\"180\" data-file-id=\"719223\" data-cke-saved-src=\"https:\/\/gallery.mailchimp.com\/d460dd1bcf9ba0ae040e1fc0f\/images\/059b7e31-9e82-4a3f-bd47-c4d70ef4907f.jpg\" \/><\/p>\n<p><strong>DATAS E LOCAIS DAS AUDI\u00caNCIAS P\u00daBLICAS<\/strong><\/p>\n<ul>\n<li><strong><u>25 de julho, 17h, em Aruj\u00e1<\/u><\/strong>\n<ul>\n<li>Uni\u00e3o Arujaense Futebol Clube, Rua J\u00falio Antonio dos Santos, 100, Bairro Barbosa<\/li>\n<\/ul>\n<\/li>\n<li><strong><u>27 de julho, 17h, em Itaquaquecetuba<\/u><\/strong>\n<ul>\n<li>Centro Esportivo Municipal \u2013 CEMI, Rua Manoel Garcia, 160, Centro<\/li>\n<\/ul>\n<\/li>\n<li><strong><u>31 de julho, 17h, em S\u00e3o Paulo<\/u><\/strong>\n<ul>\n<li>CEU Ja\u00e7an\u00e3\/Trememb\u00e9 \u2013 Rua Francisca Esp\u00f3lio Tonetti, 105, Jardim Guapira<\/li>\n<\/ul>\n<\/li>\n<li><strong><u>1\u00ba de agosto, 17h, em Guarulhos<\/u><\/strong>\n<ul>\n<li>Teatro do Centro Municipal Adamastor, Avenida Monteiro Lobato, 734, Bairro Macedo<\/li>\n<\/ul>\n<\/li>\n<\/ul>\n","protected":false},"excerpt":{"rendered":"<p>Dimmi Amora e M\u00e1rcio Neves, da Ag\u00eancia iNFRA Todos os dias, mais de 10 mil passageiros dos trens da\u00a0CPTM\u00a0(Companhia Paulista de Trens Metropolitanos) em S\u00e3o Paulo s\u00e3o prejudicados por atrasos nas composi\u00e7\u00f5es causados pelo compartilhamento da via com os trens de carga. Em algumas linhas, o percentual de passageiros prejudicados diariamente pode ultrapassar 10% do [&hellip;]<\/p>\n","protected":false},"author":1,"featured_media":968,"parent":0,"menu_order":0,"comment_status":"closed","ping_status":"closed","template":"full-width-page.php","meta":{"_monsterinsights_skip_tracking":false,"_monsterinsights_sitenote_active":false,"_monsterinsights_sitenote_note":"","_monsterinsights_sitenote_category":0,"footnotes":""},"class_list":["post-967","page","type-page","status-publish","has-post-thumbnail","hentry"],"yoast_head":"<!-- This site is optimized with the Yoast SEO Premium plugin v25.4 (Yoast SEO v26.0) - https:\/\/yoast.com\/wordpress\/plugins\/seo\/ -->\n<title>Trem de carga atrasa 10 mil passageiros por dia nos trens de SP - Ag\u00eancia iNFRA<\/title>\n<meta name=\"robots\" content=\"index, follow, max-snippet:-1, max-image-preview:large, max-video-preview:-1\" \/>\n<link rel=\"canonical\" href=\"https:\/\/agenciainfra.com\/blog\/trem-de-carga-atrasa-10-mil-passageiros-por-dia-nos-trens-de-sao-paulo\/\" \/>\n<meta property=\"og:locale\" content=\"pt_BR\" \/>\n<meta property=\"og:type\" content=\"article\" \/>\n<meta property=\"og:title\" content=\"Trem de carga atrasa 10 mil passageiros por dia nos trens de SP\" \/>\n<meta property=\"og:description\" content=\"Dimmi Amora e M\u00e1rcio Neves, da Ag\u00eancia iNFRA Todos os dias, mais de 10 mil passageiros dos trens da\u00a0CPTM\u00a0(Companhia Paulista de Trens Metropolitanos) em S\u00e3o Paulo s\u00e3o prejudicados por atrasos nas composi\u00e7\u00f5es causados pelo compartilhamento da via com os trens de carga. Em algumas linhas, o percentual de passageiros prejudicados diariamente pode ultrapassar 10% do [&hellip;]\" \/>\n<meta property=\"og:url\" content=\"https:\/\/agenciainfra.com\/blog\/trem-de-carga-atrasa-10-mil-passageiros-por-dia-nos-trens-de-sao-paulo\/\" \/>\n<meta property=\"og:site_name\" content=\"Ag\u00eancia iNFRA\" \/>\n<meta property=\"article:publisher\" content=\"https:\/\/www.facebook.com\/ageninfra\" \/>\n<meta property=\"article:modified_time\" content=\"2017-07-20T18:34:21+00:00\" \/>\n<meta property=\"og:image\" content=\"https:\/\/agenciainfra.com\/blog\/wp-content\/uploads\/2017\/07\/CPTM-MRS.png\" \/>\n\t<meta property=\"og:image:width\" content=\"1017\" \/>\n\t<meta property=\"og:image:height\" content=\"627\" \/>\n\t<meta property=\"og:image:type\" content=\"image\/png\" \/>\n<meta name=\"twitter:card\" content=\"summary_large_image\" \/>\n<meta name=\"twitter:site\" content=\"@agencia_infra\" \/>\n<meta name=\"twitter:label1\" content=\"Est. tempo de leitura\" \/>\n\t<meta name=\"twitter:data1\" content=\"3 minutos\" \/>\n<script type=\"application\/ld+json\" class=\"yoast-schema-graph\">{\"@context\":\"https:\/\/schema.org\",\"@graph\":[{\"@type\":\"WebPage\",\"@id\":\"https:\/\/agenciainfra.com\/blog\/trem-de-carga-atrasa-10-mil-passageiros-por-dia-nos-trens-de-sao-paulo\/\",\"url\":\"https:\/\/agenciainfra.com\/blog\/trem-de-carga-atrasa-10-mil-passageiros-por-dia-nos-trens-de-sao-paulo\/\",\"name\":\"Trem de carga atrasa 10 mil passageiros por dia nos trens de SP - Ag\u00eancia iNFRA\",\"isPartOf\":{\"@id\":\"https:\/\/agenciainfra.com\/blog\/#website\"},\"primaryImageOfPage\":{\"@id\":\"https:\/\/agenciainfra.com\/blog\/trem-de-carga-atrasa-10-mil-passageiros-por-dia-nos-trens-de-sao-paulo\/#primaryimage\"},\"image\":{\"@id\":\"https:\/\/agenciainfra.com\/blog\/trem-de-carga-atrasa-10-mil-passageiros-por-dia-nos-trens-de-sao-paulo\/#primaryimage\"},\"thumbnailUrl\":\"https:\/\/agenciainfra.com\/blog\/wp-content\/uploads\/2017\/07\/CPTM-MRS.png\",\"datePublished\":\"2017-07-20T17:00:41+00:00\",\"dateModified\":\"2017-07-20T18:34:21+00:00\",\"breadcrumb\":{\"@id\":\"https:\/\/agenciainfra.com\/blog\/trem-de-carga-atrasa-10-mil-passageiros-por-dia-nos-trens-de-sao-paulo\/#breadcrumb\"},\"inLanguage\":\"pt-BR\",\"potentialAction\":[{\"@type\":\"ReadAction\",\"target\":[\"https:\/\/agenciainfra.com\/blog\/trem-de-carga-atrasa-10-mil-passageiros-por-dia-nos-trens-de-sao-paulo\/\"]}]},{\"@type\":\"ImageObject\",\"inLanguage\":\"pt-BR\",\"@id\":\"https:\/\/agenciainfra.com\/blog\/trem-de-carga-atrasa-10-mil-passageiros-por-dia-nos-trens-de-sao-paulo\/#primaryimage\",\"url\":\"https:\/\/agenciainfra.com\/blog\/wp-content\/uploads\/2017\/07\/CPTM-MRS.png\",\"contentUrl\":\"https:\/\/agenciainfra.com\/blog\/wp-content\/uploads\/2017\/07\/CPTM-MRS.png\",\"width\":1017,\"height\":627,\"caption\":\"Foto: MRS\"},{\"@type\":\"BreadcrumbList\",\"@id\":\"https:\/\/agenciainfra.com\/blog\/trem-de-carga-atrasa-10-mil-passageiros-por-dia-nos-trens-de-sao-paulo\/#breadcrumb\",\"itemListElement\":[{\"@type\":\"ListItem\",\"position\":1,\"name\":\"In\u00edcio\",\"item\":\"https:\/\/agenciainfra.com\/blog\/\"},{\"@type\":\"ListItem\",\"position\":2,\"name\":\"Trem de carga atrasa 10 mil passageiros por dia nos trens de SP\"}]},{\"@type\":\"WebSite\",\"@id\":\"https:\/\/agenciainfra.com\/blog\/#website\",\"url\":\"https:\/\/agenciainfra.com\/blog\/\",\"name\":\"Ag\u00eancia iNFRA\",\"description\":\"Multiplataforma de informa\u00e7\u00e3o jornal\u00edstica refer\u00eancia na \u00e1rea de infraestrutura no Brasil!\",\"publisher\":{\"@id\":\"https:\/\/agenciainfra.com\/blog\/#organization\"},\"potentialAction\":[{\"@type\":\"SearchAction\",\"target\":{\"@type\":\"EntryPoint\",\"urlTemplate\":\"https:\/\/agenciainfra.com\/blog\/?s={search_term_string}\"},\"query-input\":{\"@type\":\"PropertyValueSpecification\",\"valueRequired\":true,\"valueName\":\"search_term_string\"}}],\"inLanguage\":\"pt-BR\"},{\"@type\":\"Organization\",\"@id\":\"https:\/\/agenciainfra.com\/blog\/#organization\",\"name\":\"Ag\u00eancia iNFRA\",\"url\":\"https:\/\/agenciainfra.com\/blog\/\",\"logo\":{\"@type\":\"ImageObject\",\"inLanguage\":\"pt-BR\",\"@id\":\"https:\/\/agenciainfra.com\/blog\/#\/schema\/logo\/image\/\",\"url\":\"https:\/\/agenciainfra.com\/blog\/wp-content\/uploads\/2023\/09\/iNFRA_5-e1761735885940.png\",\"contentUrl\":\"https:\/\/agenciainfra.com\/blog\/wp-content\/uploads\/2023\/09\/iNFRA_5-e1761735885940.png\",\"width\":1672,\"height\":454,\"caption\":\"Ag\u00eancia iNFRA\"},\"image\":{\"@id\":\"https:\/\/agenciainfra.com\/blog\/#\/schema\/logo\/image\/\"},\"sameAs\":[\"https:\/\/www.facebook.com\/ageninfra\",\"https:\/\/x.com\/agencia_infra\",\"https:\/\/www.linkedin.com\/company\/ag\u00eanciainfra\/\",\"https:\/\/www.instagram.com\/agenciainfra\/\"]}]}<\/script>\n<!-- \/ Yoast SEO Premium plugin. -->","yoast_head_json":{"title":"Trem de carga atrasa 10 mil passageiros por dia nos trens de SP - Ag\u00eancia iNFRA","robots":{"index":"index","follow":"follow","max-snippet":"max-snippet:-1","max-image-preview":"max-image-preview:large","max-video-preview":"max-video-preview:-1"},"canonical":"https:\/\/agenciainfra.com\/blog\/trem-de-carga-atrasa-10-mil-passageiros-por-dia-nos-trens-de-sao-paulo\/","og_locale":"pt_BR","og_type":"article","og_title":"Trem de carga atrasa 10 mil passageiros por dia nos trens de SP","og_description":"Dimmi Amora e M\u00e1rcio Neves, da Ag\u00eancia iNFRA Todos os dias, mais de 10 mil passageiros dos trens da\u00a0CPTM\u00a0(Companhia Paulista de Trens Metropolitanos) em S\u00e3o Paulo s\u00e3o prejudicados por atrasos nas composi\u00e7\u00f5es causados pelo compartilhamento da via com os trens de carga. Em algumas linhas, o percentual de passageiros prejudicados diariamente pode ultrapassar 10% do [&hellip;]","og_url":"https:\/\/agenciainfra.com\/blog\/trem-de-carga-atrasa-10-mil-passageiros-por-dia-nos-trens-de-sao-paulo\/","og_site_name":"Ag\u00eancia iNFRA","article_publisher":"https:\/\/www.facebook.com\/ageninfra","article_modified_time":"2017-07-20T18:34:21+00:00","og_image":[{"width":1017,"height":627,"url":"https:\/\/agenciainfra.com\/blog\/wp-content\/uploads\/2017\/07\/CPTM-MRS.png","type":"image\/png"}],"twitter_card":"summary_large_image","twitter_site":"@agencia_infra","twitter_misc":{"Est. tempo de leitura":"3 minutos"},"schema":{"@context":"https:\/\/schema.org","@graph":[{"@type":"WebPage","@id":"https:\/\/agenciainfra.com\/blog\/trem-de-carga-atrasa-10-mil-passageiros-por-dia-nos-trens-de-sao-paulo\/","url":"https:\/\/agenciainfra.com\/blog\/trem-de-carga-atrasa-10-mil-passageiros-por-dia-nos-trens-de-sao-paulo\/","name":"Trem de carga atrasa 10 mil passageiros por dia nos trens de SP - Ag\u00eancia iNFRA","isPartOf":{"@id":"https:\/\/agenciainfra.com\/blog\/#website"},"primaryImageOfPage":{"@id":"https:\/\/agenciainfra.com\/blog\/trem-de-carga-atrasa-10-mil-passageiros-por-dia-nos-trens-de-sao-paulo\/#primaryimage"},"image":{"@id":"https:\/\/agenciainfra.com\/blog\/trem-de-carga-atrasa-10-mil-passageiros-por-dia-nos-trens-de-sao-paulo\/#primaryimage"},"thumbnailUrl":"https:\/\/agenciainfra.com\/blog\/wp-content\/uploads\/2017\/07\/CPTM-MRS.png","datePublished":"2017-07-20T17:00:41+00:00","dateModified":"2017-07-20T18:34:21+00:00","breadcrumb":{"@id":"https:\/\/agenciainfra.com\/blog\/trem-de-carga-atrasa-10-mil-passageiros-por-dia-nos-trens-de-sao-paulo\/#breadcrumb"},"inLanguage":"pt-BR","potentialAction":[{"@type":"ReadAction","target":["https:\/\/agenciainfra.com\/blog\/trem-de-carga-atrasa-10-mil-passageiros-por-dia-nos-trens-de-sao-paulo\/"]}]},{"@type":"ImageObject","inLanguage":"pt-BR","@id":"https:\/\/agenciainfra.com\/blog\/trem-de-carga-atrasa-10-mil-passageiros-por-dia-nos-trens-de-sao-paulo\/#primaryimage","url":"https:\/\/agenciainfra.com\/blog\/wp-content\/uploads\/2017\/07\/CPTM-MRS.png","contentUrl":"https:\/\/agenciainfra.com\/blog\/wp-content\/uploads\/2017\/07\/CPTM-MRS.png","width":1017,"height":627,"caption":"Foto: MRS"},{"@type":"BreadcrumbList","@id":"https:\/\/agenciainfra.com\/blog\/trem-de-carga-atrasa-10-mil-passageiros-por-dia-nos-trens-de-sao-paulo\/#breadcrumb","itemListElement":[{"@type":"ListItem","position":1,"name":"In\u00edcio","item":"https:\/\/agenciainfra.com\/blog\/"},{"@type":"ListItem","position":2,"name":"Trem de carga atrasa 10 mil passageiros por dia nos trens de SP"}]},{"@type":"WebSite","@id":"https:\/\/agenciainfra.com\/blog\/#website","url":"https:\/\/agenciainfra.com\/blog\/","name":"Ag\u00eancia iNFRA","description":"Multiplataforma de informa\u00e7\u00e3o jornal\u00edstica refer\u00eancia na \u00e1rea de infraestrutura no Brasil!","publisher":{"@id":"https:\/\/agenciainfra.com\/blog\/#organization"},"potentialAction":[{"@type":"SearchAction","target":{"@type":"EntryPoint","urlTemplate":"https:\/\/agenciainfra.com\/blog\/?s={search_term_string}"},"query-input":{"@type":"PropertyValueSpecification","valueRequired":true,"valueName":"search_term_string"}}],"inLanguage":"pt-BR"},{"@type":"Organization","@id":"https:\/\/agenciainfra.com\/blog\/#organization","name":"Ag\u00eancia iNFRA","url":"https:\/\/agenciainfra.com\/blog\/","logo":{"@type":"ImageObject","inLanguage":"pt-BR","@id":"https:\/\/agenciainfra.com\/blog\/#\/schema\/logo\/image\/","url":"https:\/\/agenciainfra.com\/blog\/wp-content\/uploads\/2023\/09\/iNFRA_5-e1761735885940.png","contentUrl":"https:\/\/agenciainfra.com\/blog\/wp-content\/uploads\/2023\/09\/iNFRA_5-e1761735885940.png","width":1672,"height":454,"caption":"Ag\u00eancia iNFRA"},"image":{"@id":"https:\/\/agenciainfra.com\/blog\/#\/schema\/logo\/image\/"},"sameAs":["https:\/\/www.facebook.com\/ageninfra","https:\/\/x.com\/agencia_infra","https:\/\/www.linkedin.com\/company\/ag\u00eanciainfra\/","https:\/\/www.instagram.com\/agenciainfra\/"]}]}},"_links":{"self":[{"href":"https:\/\/agenciainfra.com\/blog\/wp-json\/wp\/v2\/pages\/967","targetHints":{"allow":["GET"]}}],"collection":[{"href":"https:\/\/agenciainfra.com\/blog\/wp-json\/wp\/v2\/pages"}],"about":[{"href":"https:\/\/agenciainfra.com\/blog\/wp-json\/wp\/v2\/types\/page"}],"author":[{"embeddable":true,"href":"https:\/\/agenciainfra.com\/blog\/wp-json\/wp\/v2\/users\/1"}],"replies":[{"embeddable":true,"href":"https:\/\/agenciainfra.com\/blog\/wp-json\/wp\/v2\/comments?post=967"}],"version-history":[{"count":0,"href":"https:\/\/agenciainfra.com\/blog\/wp-json\/wp\/v2\/pages\/967\/revisions"}],"wp:featuredmedia":[{"embeddable":true,"href":"https:\/\/agenciainfra.com\/blog\/wp-json\/wp\/v2\/media\/968"}],"wp:attachment":[{"href":"https:\/\/agenciainfra.com\/blog\/wp-json\/wp\/v2\/media?parent=967"}],"curies":[{"name":"wp","href":"https:\/\/api.w.org\/{rel}","templated":true}]}}